{"id":334,"date":"2025-04-18T16:02:15","date_gmt":"2025-04-18T14:02:15","guid":{"rendered":"https:\/\/www.oasisbounty.cz\/?page_id=334"},"modified":"2025-04-27T11:25:03","modified_gmt":"2025-04-27T09:25:03","slug":"reflexni-masaz-chodidel","status":"publish","type":"page","link":"https:\/\/www.oasisbounty.cz\/cs\/procedury\/reflexni-masaz-chodidel\/","title":{"rendered":"Reflexn\u00ed mas\u00e1\u017e chodidel"},"content":{"rendered":"","protected":false},"excerpt":{"rendered":"","protected":false},"author":8,"featured_media":300,"parent":263,"menu_order":0,"comment_status":"closed","ping_status":"closed","template":"","meta":{"footnotes":""},"categories":[25],"tags":[],"class_list":["post-334","page","type-page","status-publish","has-post-thumbnail","hentry","category-hp-procedury"],"_links":{"self":[{"href":"https:\/\/www.oasisbounty.cz\/cs\/wp-json\/wp\/v2\/pages\/334","targetHints":{"allow":["GET"]}}],"collection":[{"href":"https:\/\/www.oasisbounty.cz\/cs\/wp-json\/wp\/v2\/pages"}],"about":[{"href":"https:\/\/www.oasisbounty.cz\/cs\/wp-json\/wp\/v2\/types\/page"}],"author":[{"embeddable":true,"href":"https:\/\/www.oasisbounty.cz\/cs\/wp-json\/wp\/v2\/users\/8"}],"replies":[{"embeddable":true,"href":"https:\/\/www.oasisbounty.cz\/cs\/wp-json\/wp\/v2\/comments?post=334"}],"version-history":[{"count":2,"href":"https:\/\/www.oasisbounty.cz\/cs\/wp-json\/wp\/v2\/pages\/334\/revisions"}],"predecessor-version":[{"id":341,"href":"https:\/\/www.oasisbounty.cz\/cs\/wp-json\/wp\/v2\/pages\/334\/revisions\/341"}],"up":[{"embeddable":true,"href":"https:\/\/www.oasisbounty.cz\/cs\/wp-json\/wp\/v2\/pages\/263"}],"wp:featuredmedia":[{"embeddable":true,"href":"https:\/\/www.oasisbounty.cz\/cs\/wp-json\/wp\/v2\/media\/300"}],"wp:attachment":[{"href":"https:\/\/www.oasisbounty.cz\/cs\/wp-json\/wp\/v2\/media?parent=334"}],"wp:term":[{"taxonomy":"category","embeddable":true,"href":"https:\/\/www.oasisbounty.cz\/cs\/wp-json\/wp\/v2\/categories?post=334"},{"taxonomy":"post_tag","embeddable":true,"href":"https:\/\/www.oasisbounty.cz\/cs\/wp-json\/wp\/v2\/tags?post=334"}],"curies":[{"name":"wp","href":"https:\/\/api.w.org\/{rel}","templated":true}]}}