{"id":326,"date":"2025-04-21T16:00:45","date_gmt":"2025-04-21T14:00:45","guid":{"rendered":"https:\/\/www.oasisbounty.cz\/?page_id=326"},"modified":"2025-04-27T11:24:24","modified_gmt":"2025-04-27T09:24:24","slug":"kralovska-masaz-s-bylinnymi-sacky","status":"publish","type":"page","link":"https:\/\/www.oasisbounty.cz\/cs\/procedury\/kralovska-masaz-s-bylinnymi-sacky\/","title":{"rendered":"Kr\u00e1lovsk\u00e1 mas\u00e1\u017e s bylinn\u00fdmi s\u00e1\u010dky"},"content":{"rendered":"","protected":false},"excerpt":{"rendered":"","protected":false},"author":8,"featured_media":294,"parent":263,"menu_order":0,"comment_status":"closed","ping_status":"closed","template":"","meta":{"footnotes":""},"categories":[25],"tags":[],"class_list":["post-326","page","type-page","status-publish","has-post-thumbnail","hentry","category-hp-procedury"],"_links":{"self":[{"href":"https:\/\/www.oasisbounty.cz\/cs\/wp-json\/wp\/v2\/pages\/326","targetHints":{"allow":["GET"]}}],"collection":[{"href":"https:\/\/www.oasisbounty.cz\/cs\/wp-json\/wp\/v2\/pages"}],"about":[{"href":"https:\/\/www.oasisbounty.cz\/cs\/wp-json\/wp\/v2\/types\/page"}],"author":[{"embeddable":true,"href":"https:\/\/www.oasisbounty.cz\/cs\/wp-json\/wp\/v2\/users\/8"}],"replies":[{"embeddable":true,"href":"https:\/\/www.oasisbounty.cz\/cs\/wp-json\/wp\/v2\/comments?post=326"}],"version-history":[{"count":2,"href":"https:\/\/www.oasisbounty.cz\/cs\/wp-json\/wp\/v2\/pages\/326\/revisions"}],"predecessor-version":[{"id":338,"href":"https:\/\/www.oasisbounty.cz\/cs\/wp-json\/wp\/v2\/pages\/326\/revisions\/338"}],"up":[{"embeddable":true,"href":"https:\/\/www.oasisbounty.cz\/cs\/wp-json\/wp\/v2\/pages\/263"}],"wp:featuredmedia":[{"embeddable":true,"href":"https:\/\/www.oasisbounty.cz\/cs\/wp-json\/wp\/v2\/media\/294"}],"wp:attachment":[{"href":"https:\/\/www.oasisbounty.cz\/cs\/wp-json\/wp\/v2\/media?parent=326"}],"wp:term":[{"taxonomy":"category","embeddable":true,"href":"https:\/\/www.oasisbounty.cz\/cs\/wp-json\/wp\/v2\/categories?post=326"},{"taxonomy":"post_tag","embeddable":true,"href":"https:\/\/www.oasisbounty.cz\/cs\/wp-json\/wp\/v2\/tags?post=326"}],"curies":[{"name":"wp","href":"https:\/\/api.w.org\/{rel}","templated":true}]}}