{"id":320,"date":"2025-04-24T15:59:31","date_gmt":"2025-04-24T13:59:31","guid":{"rendered":"https:\/\/www.oasisbounty.cz\/?page_id=320"},"modified":"2025-04-27T11:23:51","modified_gmt":"2025-04-27T09:23:51","slug":"deep-tissue-sportovni-masaz","status":"publish","type":"page","link":"https:\/\/www.oasisbounty.cz\/cs\/procedury\/deep-tissue-sportovni-masaz\/","title":{"rendered":"Deep tissue \/ sportovn\u00ed mas\u00e1\u017e"},"content":{"rendered":"","protected":false},"excerpt":{"rendered":"","protected":false},"author":8,"featured_media":298,"parent":263,"menu_order":0,"comment_status":"closed","ping_status":"closed","template":"","meta":{"footnotes":""},"categories":[25],"tags":[],"class_list":["post-320","page","type-page","status-publish","has-post-thumbnail","hentry","category-hp-procedury"],"_links":{"self":[{"href":"https:\/\/www.oasisbounty.cz\/cs\/wp-json\/wp\/v2\/pages\/320","targetHints":{"allow":["GET"]}}],"collection":[{"href":"https:\/\/www.oasisbounty.cz\/cs\/wp-json\/wp\/v2\/pages"}],"about":[{"href":"https:\/\/www.oasisbounty.cz\/cs\/wp-json\/wp\/v2\/types\/page"}],"author":[{"embeddable":true,"href":"https:\/\/www.oasisbounty.cz\/cs\/wp-json\/wp\/v2\/users\/8"}],"replies":[{"embeddable":true,"href":"https:\/\/www.oasisbounty.cz\/cs\/wp-json\/wp\/v2\/comments?post=320"}],"version-history":[{"count":2,"href":"https:\/\/www.oasisbounty.cz\/cs\/wp-json\/wp\/v2\/pages\/320\/revisions"}],"predecessor-version":[{"id":337,"href":"https:\/\/www.oasisbounty.cz\/cs\/wp-json\/wp\/v2\/pages\/320\/revisions\/337"}],"up":[{"embeddable":true,"href":"https:\/\/www.oasisbounty.cz\/cs\/wp-json\/wp\/v2\/pages\/263"}],"wp:featuredmedia":[{"embeddable":true,"href":"https:\/\/www.oasisbounty.cz\/cs\/wp-json\/wp\/v2\/media\/298"}],"wp:attachment":[{"href":"https:\/\/www.oasisbounty.cz\/cs\/wp-json\/wp\/v2\/media?parent=320"}],"wp:term":[{"taxonomy":"category","embeddable":true,"href":"https:\/\/www.oasisbounty.cz\/cs\/wp-json\/wp\/v2\/categories?post=320"},{"taxonomy":"post_tag","embeddable":true,"href":"https:\/\/www.oasisbounty.cz\/cs\/wp-json\/wp\/v2\/tags?post=320"}],"curies":[{"name":"wp","href":"https:\/\/api.w.org\/{rel}","templated":true}]}}