{"id":287,"date":"2025-04-25T10:26:20","date_gmt":"2025-04-25T08:26:20","guid":{"rendered":"https:\/\/www.oasisbounty.cz\/?page_id=287"},"modified":"2025-04-27T11:23:33","modified_gmt":"2025-04-27T09:23:33","slug":"thajske-olejove-masaze","status":"publish","type":"page","link":"https:\/\/www.oasisbounty.cz\/cs\/procedury\/thajske-olejove-masaze\/","title":{"rendered":"Thajsk\u00e9 olejov\u00e9 mas\u00e1\u017ee"},"content":{"rendered":"","protected":false},"excerpt":{"rendered":"","protected":false},"author":8,"featured_media":284,"parent":263,"menu_order":0,"comment_status":"closed","ping_status":"closed","template":"","meta":{"footnotes":""},"categories":[25],"tags":[],"class_list":["post-287","page","type-page","status-publish","has-post-thumbnail","hentry","category-hp-procedury"],"_links":{"self":[{"href":"https:\/\/www.oasisbounty.cz\/cs\/wp-json\/wp\/v2\/pages\/287","targetHints":{"allow":["GET"]}}],"collection":[{"href":"https:\/\/www.oasisbounty.cz\/cs\/wp-json\/wp\/v2\/pages"}],"about":[{"href":"https:\/\/www.oasisbounty.cz\/cs\/wp-json\/wp\/v2\/types\/page"}],"author":[{"embeddable":true,"href":"https:\/\/www.oasisbounty.cz\/cs\/wp-json\/wp\/v2\/users\/8"}],"replies":[{"embeddable":true,"href":"https:\/\/www.oasisbounty.cz\/cs\/wp-json\/wp\/v2\/comments?post=287"}],"version-history":[{"count":2,"href":"https:\/\/www.oasisbounty.cz\/cs\/wp-json\/wp\/v2\/pages\/287\/revisions"}],"predecessor-version":[{"id":344,"href":"https:\/\/www.oasisbounty.cz\/cs\/wp-json\/wp\/v2\/pages\/287\/revisions\/344"}],"up":[{"embeddable":true,"href":"https:\/\/www.oasisbounty.cz\/cs\/wp-json\/wp\/v2\/pages\/263"}],"wp:featuredmedia":[{"embeddable":true,"href":"https:\/\/www.oasisbounty.cz\/cs\/wp-json\/wp\/v2\/media\/284"}],"wp:attachment":[{"href":"https:\/\/www.oasisbounty.cz\/cs\/wp-json\/wp\/v2\/media?parent=287"}],"wp:term":[{"taxonomy":"category","embeddable":true,"href":"https:\/\/www.oasisbounty.cz\/cs\/wp-json\/wp\/v2\/categories?post=287"},{"taxonomy":"post_tag","embeddable":true,"href":"https:\/\/www.oasisbounty.cz\/cs\/wp-json\/wp\/v2\/tags?post=287"}],"curies":[{"name":"wp","href":"https:\/\/api.w.org\/{rel}","templated":true}]}}