{"id":285,"date":"2025-04-26T09:42:07","date_gmt":"2025-04-26T07:42:07","guid":{"rendered":"https:\/\/www.oasisbounty.cz\/?page_id=285"},"modified":"2025-04-27T11:23:23","modified_gmt":"2025-04-27T09:23:23","slug":"tradicni-thajske-masaze","status":"publish","type":"page","link":"https:\/\/www.oasisbounty.cz\/cs\/procedury\/tradicni-thajske-masaze\/","title":{"rendered":"Tradi\u010dn\u00ed thajsk\u00e9 mas\u00e1\u017ee"},"content":{"rendered":"","protected":false},"excerpt":{"rendered":"","protected":false},"author":8,"featured_media":283,"parent":263,"menu_order":0,"comment_status":"closed","ping_status":"closed","template":"","meta":{"footnotes":""},"categories":[25],"tags":[],"class_list":["post-285","page","type-page","status-publish","has-post-thumbnail","hentry","category-hp-procedury"],"_links":{"self":[{"href":"https:\/\/www.oasisbounty.cz\/cs\/wp-json\/wp\/v2\/pages\/285","targetHints":{"allow":["GET"]}}],"collection":[{"href":"https:\/\/www.oasisbounty.cz\/cs\/wp-json\/wp\/v2\/pages"}],"about":[{"href":"https:\/\/www.oasisbounty.cz\/cs\/wp-json\/wp\/v2\/types\/page"}],"author":[{"embeddable":true,"href":"https:\/\/www.oasisbounty.cz\/cs\/wp-json\/wp\/v2\/users\/8"}],"replies":[{"embeddable":true,"href":"https:\/\/www.oasisbounty.cz\/cs\/wp-json\/wp\/v2\/comments?post=285"}],"version-history":[{"count":2,"href":"https:\/\/www.oasisbounty.cz\/cs\/wp-json\/wp\/v2\/pages\/285\/revisions"}],"predecessor-version":[{"id":345,"href":"https:\/\/www.oasisbounty.cz\/cs\/wp-json\/wp\/v2\/pages\/285\/revisions\/345"}],"up":[{"embeddable":true,"href":"https:\/\/www.oasisbounty.cz\/cs\/wp-json\/wp\/v2\/pages\/263"}],"wp:featuredmedia":[{"embeddable":true,"href":"https:\/\/www.oasisbounty.cz\/cs\/wp-json\/wp\/v2\/media\/283"}],"wp:attachment":[{"href":"https:\/\/www.oasisbounty.cz\/cs\/wp-json\/wp\/v2\/media?parent=285"}],"wp:term":[{"taxonomy":"category","embeddable":true,"href":"https:\/\/www.oasisbounty.cz\/cs\/wp-json\/wp\/v2\/categories?post=285"},{"taxonomy":"post_tag","embeddable":true,"href":"https:\/\/www.oasisbounty.cz\/cs\/wp-json\/wp\/v2\/tags?post=285"}],"curies":[{"name":"wp","href":"https:\/\/api.w.org\/{rel}","templated":true}]}}